{"id":6762,"date":"2020-06-12T07:33:22","date_gmt":"2020-06-12T07:33:22","guid":{"rendered":"https:\/\/www.duglass.com\/couches\/"},"modified":"2020-07-08T10:43:23","modified_gmt":"2020-07-08T10:43:23","slug":"couches","status":"publish","type":"page","link":"https:\/\/www.duglass.com\/fr\/ferroviaire\/fenetres-laterales\/couches\/","title":{"rendered":"Couches"},"content":{"rendered":"<div id='av_section_1'  class='avia-section main_color avia-section-default avia-no-border-styling  avia-bg-style-scroll  avia-builder-el-0  el_before_av_section  avia-builder-el-first   av-minimum-height av-minimum-height-custom  container_wrap fullsize' style='background-repeat: no-repeat; background-image: url(https:\/\/www.duglass.com\/wp-content\/uploads\/2020\/05\/header_ferrocarril.jpg);background-attachment: scroll; background-position: center center;  '  data-section-bg-repeat='no-repeat'><div class='container' style='height:600px'><main  role=\"main\" itemprop=\"mainContentOfPage\"  class='template-page content  av-content-full alpha units'><div class='post-entry post-entry-type-page post-entry-6762'><div class='entry-content-wrapper clearfix'>\n<div  style='padding-bottom:10px; ' class='av-special-heading av-special-heading-h1  blockquote modern-quote  avia-builder-el-1  avia-builder-el-no-sibling  h1-category '><h1 class='av-special-heading-tag '  itemprop=\"headline\"  >Solutions en verre pour couches<br \/> le secteur Ferroviaire<\/h1><div class='special-heading-border'><div class='special-heading-inner-border' ><\/div><\/div><\/div>\n\n<\/div><\/div><\/main><!-- close content main element --><\/div><\/div><div id='av_section_2'  class='avia-section main_color avia-section-default avia-no-border-styling  avia-bg-style-scroll  avia-builder-el-2  el_after_av_section  el_before_av_section  solutions  container_wrap fullsize' style='background-color: #ffffff;  '  ><div class='container' ><div class='template-page content  av-content-full alpha units'><div class='post-entry post-entry-type-page post-entry-6762'><div class='entry-content-wrapper clearfix'>\n<div class=\"flex_column av_one_full  av-animated-generic fade-in  flex_column_div first  avia-builder-el-3  el_before_av_one_third  avia-builder-el-first  \" style='padding:0px 0px 50px 0px ; border-radius:0px; '><div  style='padding-bottom:0px; ' class='av-special-heading av-special-heading-h2  blockquote modern-quote  avia-builder-el-4  avia-builder-el-no-sibling  '><h2 class='av-special-heading-tag '  itemprop=\"headline\"  >NOS SOLUTIONS EN VERRE COUCHES POUR LE SECTEUR FERROVIAIRE.<\/h2><div class='special-heading-border'><div class='special-heading-inner-border' ><\/div><\/div><\/div><\/div><div class='flex_column_table av-equal-height-column-flextable -flextable' ><div class=\"flex_column av_one_third  av-animated-generic left-to-right  flex_column_table_cell av-equal-height-column av-align-middle av-zero-column-padding first  avia-builder-el-5  el_after_av_one_full  el_before_av_one_third  column-top-margin\" style='border-radius:0px; '><div  class='avia-image-container  av-styling-no-styling  noHover  av-overlay-hover-deactivate   avia-builder-el-6  avia-builder-el-no-sibling  avia-align-center '  itemprop=\"image\" itemscope=\"itemscope\" itemtype=\"https:\/\/schema.org\/ImageObject\"  ><div class='avia-image-container-inner'><div class='avia-image-overlay-wrap'><a href='https:\/\/www.duglass.com\/fr\/ferroviaire\/fenetres-laterales\/couches\/controle-solaire\/' class='avia_image'  ><div class='av-image-caption-overlay'><div class='av-caption-image-overlay-bg' style='opacity:0.4; background-color:#000000; '><\/div><div class='av-image-caption-overlay-position'><div class='av-image-caption-overlay-center' style='color:#ffffff; '><p>Contr\u00f4le Solaire<\/p>\n<\/div><\/div><\/div><img decoding=\"async\" width=\"495\" height=\"400\" class='wp-image-5112 avia-img-lazy-loading-not-5112 avia_image' src=\"https:\/\/www.duglass.com\/wp-content\/uploads\/2020\/04\/ferrocarril_control_solar-495x400.jpg\" alt='' title='ferrocarril_control_solar'  itemprop=\"thumbnailUrl\"  \/><\/a><\/div><\/div><\/div><\/div><div class='av-flex-placeholder'><\/div><div class=\"flex_column av_one_third  av-animated-generic left-to-right  flex_column_table_cell av-equal-height-column av-align-middle av-zero-column-padding   avia-builder-el-7  el_after_av_one_third  el_before_av_one_third  column-top-margin\" style='border-radius:0px; '><div  class='avia-image-container  av-styling-no-styling  noHover  av-overlay-hover-deactivate   avia-builder-el-8  avia-builder-el-no-sibling  avia-align-center '  itemprop=\"image\" itemscope=\"itemscope\" itemtype=\"https:\/\/schema.org\/ImageObject\"  ><div class='avia-image-container-inner'><div class='avia-image-overlay-wrap'><a href='https:\/\/www.duglass.com\/fr\/ferroviaire\/fenetres-laterales\/couches\/hautes-perf\/' class='avia_image'  ><div class='av-image-caption-overlay'><div class='av-caption-image-overlay-bg' style='opacity:0.4; background-color:#000000; '><\/div><div class='av-image-caption-overlay-position'><div class='av-image-caption-overlay-center' style='color:#ffffff; '><p>Hautes Perf<\/p>\n<\/div><\/div><\/div><img decoding=\"async\" width=\"495\" height=\"400\" class='wp-image-5110 avia-img-lazy-loading-not-5110 avia_image' src=\"https:\/\/www.duglass.com\/wp-content\/uploads\/2020\/04\/ferrocarril_coating_altasprestaciones-495x400.jpg\" alt='' title='ferrocarril_coating_altasprestaciones'  itemprop=\"thumbnailUrl\"  \/><\/a><\/div><\/div><\/div><\/div><div class='av-flex-placeholder'><\/div><div class=\"flex_column av_one_third  av-hide-on-mobile  flex_column_table_cell av-equal-height-column av-align-middle av-zero-column-padding   avia-builder-el-9  el_after_av_one_third  avia-builder-el-last  column-top-margin\" style='border-radius:0px; '><\/div><\/div><!--close column table wrapper. Autoclose: 1 --><\/div><\/div><\/div><!-- close content main div --><\/div><\/div><div id='av_section_3'  class='avia-section main_color avia-section-default avia-no-border-styling  avia-bg-style-scroll  avia-builder-el-10  el_after_av_section  el_before_av_section   container_wrap fullsize' style='background-color: #f1f1f1;  '  ><div class='container' ><div class='template-page content  av-content-full alpha units'><div class='post-entry post-entry-type-page post-entry-6762'><div class='entry-content-wrapper clearfix'>\n<div class=\"flex_column av_one_full  av-animated-generic fade-in  flex_column_div av-zero-column-padding first  avia-builder-el-11  avia-builder-el-no-sibling  \" style='border-radius:0px; '><p><div  style='padding-bottom:5px; ' class='av-special-heading av-special-heading-h3  blockquote modern-quote modern-centered  avia-builder-el-12  el_before_av_textblock  avia-builder-el-first  '><h3 class='av-special-heading-tag '  itemprop=\"headline\"  >CARACT\u00c9RISTIQUES DU COUCHES EN VERRE<\/h3><div class='special-heading-border'><div class='special-heading-inner-border' ><\/div><\/div><\/div><br \/>\n<section class=\"av_textblock_section \"  itemscope=\"itemscope\" itemtype=\"https:\/\/schema.org\/CreativeWork\" ><div class='avia_textblock  '   itemprop=\"text\" ><p style=\"text-align: center;\">Pour am\u00e9liorer les propri\u00e9t\u00e9s optiques et thermiques du verre, sur les verres peuvent se d\u00e9poser des structures m\u00e9talliques multicouches ou des compos\u00e9s. Gr\u00e2ce au processus de d\u00e9p\u00f4t physique \u00e0 vide \u00e9lev\u00e9 par la technique Magnetron Sputtering, avec cette technique, sont obtenues des structures multicouches plus complexes, par lesquelles sont produites le verre de contr\u00f4le solaire, faible \u00e9missivit\u00e9 ou la combinaison des verres avec ces deux propri\u00e9t\u00e9s.<\/p>\n<\/div><\/section><\/p><\/div>\n<\/p>\n<\/div><\/div><\/div><!-- close content main div --><\/div><\/div><div id='av_section_4'  class='avia-section main_color avia-section-default avia-no-border-styling  avia-bg-style-scroll  avia-builder-el-14  el_after_av_section  el_before_av_masonry_entries   container_wrap fullsize' style=' '  ><div class='container' ><div class='template-page content  av-content-full alpha units'><div class='post-entry post-entry-type-page post-entry-6762'><div class='entry-content-wrapper clearfix'>\n<div class=\"flex_column av_one_full  flex_column_div av-zero-column-padding first  avia-builder-el-15  avia-builder-el-no-sibling  \" style='border-radius:0px; '><div  style='padding-bottom:0px; ' class='av-special-heading av-special-heading-h4  blockquote modern-quote  avia-builder-el-16  avia-builder-el-no-sibling  '><h4 class='av-special-heading-tag '  itemprop=\"headline\"  >PRINCIPAUX PROJETS DANS LE MONDE<\/h4><div class='special-heading-border'><div class='special-heading-inner-border' ><\/div><\/div><\/div><\/div>\n\n<div id='av-masonry-1' class='av-masonry projects noHover av-fixed-size av-no-gap av-hover-overlay-active av-masonry-animation-active av-masonry-col-4 av-caption-always av-caption-style-overlay    '  ><div class='av-masonry-container isotope av-js-disabled ' ><div class='av-masonry-entry isotope-item av-masonry-item-no-image '><\/div><a href=\"https:\/\/www.duglass.com\/fr\/projets\/commuter-train-ns-sprinter\/\" id='av-masonry-1-item-6518' data-av-masonry-item='6518' class='av-masonry-entry isotope-item post-6518 portfolio type-portfolio status-publish has-post-thumbnail hentry portfolio_entries-ferroviaire portfolio_entries-projets-en-vedette  av-masonry-item-with-image av-grid-img' title=\"civity-portada\"  itemscope=\"itemscope\" itemtype=\"https:\/\/schema.org\/CreativeWork\" ><div class='av-inner-masonry-sizer'><\/div><figure class='av-inner-masonry main_color'><div class=\"av-masonry-outerimage-container\"><div class=\"av-masonry-image-container\" style=\"background-image: url(https:\/\/www.duglass.com\/wp-content\/uploads\/2020\/04\/civity-portada.jpg);\" title=\"civity-portada\" ><\/div><\/div><figcaption class='av-inner-masonry-content site-background'><div class='av-inner-masonry-content-pos'><div class='av-inner-masonry-content-pos-content'><div class='avia-arrow'><\/div><p class='av-masonry-entry-title entry-title bold'  itemprop=\"headline\" >Commuter Train NS Sprinter<\/p><\/div><\/div><\/figcaption><\/figure><\/a><!--end av-masonry entry--><a href=\"https:\/\/www.duglass.com\/fr\/projets\/civity-northern-arriva\/\" id='av-masonry-1-item-6709' data-av-masonry-item='6709' class='av-masonry-entry isotope-item post-6709 portfolio type-portfolio status-publish has-post-thumbnail hentry portfolio_entries-ferroviaire  av-masonry-item-with-image av-grid-img' title=\"Civity Northern Arriva\"  itemscope=\"itemscope\" itemtype=\"https:\/\/schema.org\/CreativeWork\" ><div class='av-inner-masonry-sizer'><\/div><figure class='av-inner-masonry main_color'><div class=\"av-masonry-outerimage-container\"><div class=\"av-masonry-image-container\" style=\"background-image: url(https:\/\/www.duglass.com\/wp-content\/uploads\/2020\/04\/civity_nothern_portada.jpg);\"><\/div><\/div><figcaption class='av-inner-masonry-content site-background'><div class='av-inner-masonry-content-pos'><div class='av-inner-masonry-content-pos-content'><div class='avia-arrow'><\/div><p class='av-masonry-entry-title entry-title bold'  itemprop=\"headline\" >Civity Northern Arriva<\/p><\/div><\/div><\/figcaption><\/figure><\/a><!--end av-masonry entry--><a href=\"https:\/\/www.duglass.com\/fr\/projets\/commuter-train-auckland-transport\/\" id='av-masonry-1-item-6703' data-av-masonry-item='6703' class='av-masonry-entry isotope-item post-6703 portfolio type-portfolio status-publish has-post-thumbnail hentry portfolio_entries-ferroviaire  av-masonry-item-with-image av-grid-img' title=\"train_auckland_portada\"  itemscope=\"itemscope\" itemtype=\"https:\/\/schema.org\/CreativeWork\" ><div class='av-inner-masonry-sizer'><\/div><figure class='av-inner-masonry main_color'><div class=\"av-masonry-outerimage-container\"><div class=\"av-masonry-image-container\" style=\"background-image: url(https:\/\/www.duglass.com\/wp-content\/uploads\/2020\/04\/train_auckland_portada.jpg);\" title=\"train_auckland_portada\" ><\/div><\/div><figcaption class='av-inner-masonry-content site-background'><div class='av-inner-masonry-content-pos'><div class='av-inner-masonry-content-pos-content'><div class='avia-arrow'><\/div><p class='av-masonry-entry-title entry-title bold'  itemprop=\"headline\" >Commuter Train Auckland Transport<\/p><\/div><\/div><\/figcaption><\/figure><\/a><!--end av-masonry entry--><a href=\"https:\/\/www.duglass.com\/fr\/projets\/arriva-transpenine-express\/\" id='av-masonry-1-item-6699' data-av-masonry-item='6699' class='av-masonry-entry isotope-item post-6699 portfolio type-portfolio status-publish has-post-thumbnail hentry portfolio_entries-ferroviaire  av-masonry-item-with-image av-grid-img' title=\"proyectos_arriva_portada\"  itemscope=\"itemscope\" itemtype=\"https:\/\/schema.org\/CreativeWork\" ><div class='av-inner-masonry-sizer'><\/div><figure class='av-inner-masonry main_color'><div class=\"av-masonry-outerimage-container\"><div class=\"av-masonry-image-container\" style=\"background-image: url(https:\/\/www.duglass.com\/wp-content\/uploads\/2020\/04\/proyectos_arriva_portada-705x319.jpg);\" title=\"proyectos_arriva_portada\" ><\/div><\/div><figcaption class='av-inner-masonry-content site-background'><div class='av-inner-masonry-content-pos'><div class='av-inner-masonry-content-pos-content'><div class='avia-arrow'><\/div><p class='av-masonry-entry-title entry-title bold'  itemprop=\"headline\" >Arriva &#8211; Transpenine Express<\/p><\/div><\/div><\/figcaption><\/figure><\/a><!--end av-masonry entry--><\/div><\/div>\n","protected":false},"excerpt":{"rendered":"","protected":false},"author":1,"featured_media":0,"parent":6843,"menu_order":0,"comment_status":"closed","ping_status":"closed","template":"","meta":{"footnotes":""},"class_list":["post-6762","page","type-page","status-publish","hentry"],"yoast_head":"<!-- This site is optimized with the Yoast SEO plugin v26.9 - https:\/\/yoast.com\/product\/yoast-seo-wordpress\/ -->\n<title>Couches - Ari\u00f1o Duglass<\/title>\n<meta name=\"robots\" content=\"index, follow, max-snippet:-1, max-image-preview:large, max-video-preview:-1\" \/>\n<link rel=\"canonical\" href=\"https:\/\/www.duglass.com\/fr\/ferroviaire\/fenetres-laterales\/couches\/\" \/>\n<meta property=\"og:locale\" content=\"fr_FR\" \/>\n<meta property=\"og:type\" content=\"article\" \/>\n<meta property=\"og:title\" content=\"Couches - Ari\u00f1o Duglass\" \/>\n<meta property=\"og:url\" content=\"https:\/\/www.duglass.com\/fr\/ferroviaire\/fenetres-laterales\/couches\/\" \/>\n<meta property=\"og:site_name\" content=\"Ari\u00f1o Duglass\" \/>\n<meta property=\"article:publisher\" content=\"https:\/\/www.facebook.com\/arinoduglass\" \/>\n<meta property=\"article:modified_time\" content=\"2020-07-08T10:43:23+00:00\" \/>\n<meta name=\"twitter:card\" content=\"summary_large_image\" \/>\n<meta name=\"twitter:site\" content=\"@arinoduglass\" \/>\n<meta name=\"twitter:label1\" content=\"Dur\u00e9e de lecture estim\u00e9e\" \/>\n\t<meta name=\"twitter:data1\" content=\"10 minutes\" \/>\n<script type=\"application\/ld+json\" class=\"yoast-schema-graph\">{\"@context\":\"https:\/\/schema.org\",\"@graph\":[{\"@type\":\"WebPage\",\"@id\":\"https:\/\/www.duglass.com\/fr\/ferroviaire\/fenetres-laterales\/couches\/\",\"url\":\"https:\/\/www.duglass.com\/fr\/ferroviaire\/fenetres-laterales\/couches\/\",\"name\":\"Couches - Ari\u00f1o Duglass\",\"isPartOf\":{\"@id\":\"https:\/\/www.duglass.com\/fr\/#website\"},\"datePublished\":\"2020-06-12T07:33:22+00:00\",\"dateModified\":\"2020-07-08T10:43:23+00:00\",\"breadcrumb\":{\"@id\":\"https:\/\/www.duglass.com\/fr\/ferroviaire\/fenetres-laterales\/couches\/#breadcrumb\"},\"inLanguage\":\"fr-FR\",\"potentialAction\":[{\"@type\":\"ReadAction\",\"target\":[\"https:\/\/www.duglass.com\/fr\/ferroviaire\/fenetres-laterales\/couches\/\"]}]},{\"@type\":\"BreadcrumbList\",\"@id\":\"https:\/\/www.duglass.com\/fr\/ferroviaire\/fenetres-laterales\/couches\/#breadcrumb\",\"itemListElement\":[{\"@type\":\"ListItem\",\"position\":1,\"name\":\"Portada\",\"item\":\"https:\/\/www.duglass.com\/fr\/inicio\/\"},{\"@type\":\"ListItem\",\"position\":2,\"name\":\"Ferroviaire\",\"item\":\"https:\/\/www.duglass.com\/fr\/ferroviaire\/\"},{\"@type\":\"ListItem\",\"position\":3,\"name\":\"Fen\u00eatres lat\u00e9rales\",\"item\":\"https:\/\/www.duglass.com\/fr\/ferroviaire\/fenetres-laterales\/\"},{\"@type\":\"ListItem\",\"position\":4,\"name\":\"Couches\"}]},{\"@type\":\"WebSite\",\"@id\":\"https:\/\/www.duglass.com\/fr\/#website\",\"url\":\"https:\/\/www.duglass.com\/fr\/\",\"name\":\"Ari\u00f1o Duglass\",\"description\":\"Especialistas en vidrio desde 1952\",\"publisher\":{\"@id\":\"https:\/\/www.duglass.com\/fr\/#organization\"},\"potentialAction\":[{\"@type\":\"SearchAction\",\"target\":{\"@type\":\"EntryPoint\",\"urlTemplate\":\"https:\/\/www.duglass.com\/fr\/?s={search_term_string}\"},\"query-input\":{\"@type\":\"PropertyValueSpecification\",\"valueRequired\":true,\"valueName\":\"search_term_string\"}}],\"inLanguage\":\"fr-FR\"},{\"@type\":\"Organization\",\"@id\":\"https:\/\/www.duglass.com\/fr\/#organization\",\"name\":\"Ari\u00f1o Duglass\",\"url\":\"https:\/\/www.duglass.com\/fr\/\",\"logo\":{\"@type\":\"ImageObject\",\"inLanguage\":\"fr-FR\",\"@id\":\"https:\/\/www.duglass.com\/fr\/#\/schema\/logo\/image\/\",\"url\":\"https:\/\/www.duglass.com\/wp-content\/uploads\/2020\/07\/logo-color.png\",\"contentUrl\":\"https:\/\/www.duglass.com\/wp-content\/uploads\/2020\/07\/logo-color.png\",\"width\":340,\"height\":156,\"caption\":\"Ari\u00f1o Duglass\"},\"image\":{\"@id\":\"https:\/\/www.duglass.com\/fr\/#\/schema\/logo\/image\/\"},\"sameAs\":[\"https:\/\/www.facebook.com\/arinoduglass\",\"https:\/\/x.com\/arinoduglass\",\"https:\/\/www.instagram.com\/arino_duglass\/\",\"https:\/\/www.linkedin.com\/company\/ari-o-duglass\",\"https:\/\/www.youtube.com\/channel\/UCfanZTfqx8byi7xCwLQvpxg\",\"https:\/\/www.pinterest.es\/arioduglass\/\"]}]}<\/script>\n<!-- \/ Yoast SEO plugin. -->","yoast_head_json":{"title":"Couches - Ari\u00f1o Duglass","robots":{"index":"index","follow":"follow","max-snippet":"max-snippet:-1","max-image-preview":"max-image-preview:large","max-video-preview":"max-video-preview:-1"},"canonical":"https:\/\/www.duglass.com\/fr\/ferroviaire\/fenetres-laterales\/couches\/","og_locale":"fr_FR","og_type":"article","og_title":"Couches - Ari\u00f1o Duglass","og_url":"https:\/\/www.duglass.com\/fr\/ferroviaire\/fenetres-laterales\/couches\/","og_site_name":"Ari\u00f1o Duglass","article_publisher":"https:\/\/www.facebook.com\/arinoduglass","article_modified_time":"2020-07-08T10:43:23+00:00","twitter_card":"summary_large_image","twitter_site":"@arinoduglass","twitter_misc":{"Dur\u00e9e de lecture estim\u00e9e":"10 minutes"},"schema":{"@context":"https:\/\/schema.org","@graph":[{"@type":"WebPage","@id":"https:\/\/www.duglass.com\/fr\/ferroviaire\/fenetres-laterales\/couches\/","url":"https:\/\/www.duglass.com\/fr\/ferroviaire\/fenetres-laterales\/couches\/","name":"Couches - Ari\u00f1o Duglass","isPartOf":{"@id":"https:\/\/www.duglass.com\/fr\/#website"},"datePublished":"2020-06-12T07:33:22+00:00","dateModified":"2020-07-08T10:43:23+00:00","breadcrumb":{"@id":"https:\/\/www.duglass.com\/fr\/ferroviaire\/fenetres-laterales\/couches\/#breadcrumb"},"inLanguage":"fr-FR","potentialAction":[{"@type":"ReadAction","target":["https:\/\/www.duglass.com\/fr\/ferroviaire\/fenetres-laterales\/couches\/"]}]},{"@type":"BreadcrumbList","@id":"https:\/\/www.duglass.com\/fr\/ferroviaire\/fenetres-laterales\/couches\/#breadcrumb","itemListElement":[{"@type":"ListItem","position":1,"name":"Portada","item":"https:\/\/www.duglass.com\/fr\/inicio\/"},{"@type":"ListItem","position":2,"name":"Ferroviaire","item":"https:\/\/www.duglass.com\/fr\/ferroviaire\/"},{"@type":"ListItem","position":3,"name":"Fen\u00eatres lat\u00e9rales","item":"https:\/\/www.duglass.com\/fr\/ferroviaire\/fenetres-laterales\/"},{"@type":"ListItem","position":4,"name":"Couches"}]},{"@type":"WebSite","@id":"https:\/\/www.duglass.com\/fr\/#website","url":"https:\/\/www.duglass.com\/fr\/","name":"Ari\u00f1o Duglass","description":"Especialistas en vidrio desde 1952","publisher":{"@id":"https:\/\/www.duglass.com\/fr\/#organization"},"potentialAction":[{"@type":"SearchAction","target":{"@type":"EntryPoint","urlTemplate":"https:\/\/www.duglass.com\/fr\/?s={search_term_string}"},"query-input":{"@type":"PropertyValueSpecification","valueRequired":true,"valueName":"search_term_string"}}],"inLanguage":"fr-FR"},{"@type":"Organization","@id":"https:\/\/www.duglass.com\/fr\/#organization","name":"Ari\u00f1o Duglass","url":"https:\/\/www.duglass.com\/fr\/","logo":{"@type":"ImageObject","inLanguage":"fr-FR","@id":"https:\/\/www.duglass.com\/fr\/#\/schema\/logo\/image\/","url":"https:\/\/www.duglass.com\/wp-content\/uploads\/2020\/07\/logo-color.png","contentUrl":"https:\/\/www.duglass.com\/wp-content\/uploads\/2020\/07\/logo-color.png","width":340,"height":156,"caption":"Ari\u00f1o Duglass"},"image":{"@id":"https:\/\/www.duglass.com\/fr\/#\/schema\/logo\/image\/"},"sameAs":["https:\/\/www.facebook.com\/arinoduglass","https:\/\/x.com\/arinoduglass","https:\/\/www.instagram.com\/arino_duglass\/","https:\/\/www.linkedin.com\/company\/ari-o-duglass","https:\/\/www.youtube.com\/channel\/UCfanZTfqx8byi7xCwLQvpxg","https:\/\/www.pinterest.es\/arioduglass\/"]}]}},"_links":{"self":[{"href":"https:\/\/www.duglass.com\/fr\/wp-json\/wp\/v2\/pages\/6762","targetHints":{"allow":["GET"]}}],"collection":[{"href":"https:\/\/www.duglass.com\/fr\/wp-json\/wp\/v2\/pages"}],"about":[{"href":"https:\/\/www.duglass.com\/fr\/wp-json\/wp\/v2\/types\/page"}],"author":[{"embeddable":true,"href":"https:\/\/www.duglass.com\/fr\/wp-json\/wp\/v2\/users\/1"}],"replies":[{"embeddable":true,"href":"https:\/\/www.duglass.com\/fr\/wp-json\/wp\/v2\/comments?post=6762"}],"version-history":[{"count":6,"href":"https:\/\/www.duglass.com\/fr\/wp-json\/wp\/v2\/pages\/6762\/revisions"}],"predecessor-version":[{"id":7968,"href":"https:\/\/www.duglass.com\/fr\/wp-json\/wp\/v2\/pages\/6762\/revisions\/7968"}],"up":[{"embeddable":true,"href":"https:\/\/www.duglass.com\/fr\/wp-json\/wp\/v2\/pages\/6843"}],"wp:attachment":[{"href":"https:\/\/www.duglass.com\/fr\/wp-json\/wp\/v2\/media?parent=6762"}],"curies":[{"name":"wp","href":"https:\/\/api.w.org\/{rel}","templated":true}]}}