{"id":6424,"date":"2020-06-10T12:08:57","date_gmt":"2020-06-10T12:08:57","guid":{"rendered":"https:\/\/www.duglass.com\/solutions-pour-larchitecture\/couches\/"},"modified":"2020-11-12T10:39:11","modified_gmt":"2020-11-12T10:39:11","slug":"couches","status":"publish","type":"page","link":"https:\/\/www.duglass.com\/fr\/solutions-pour-larchitecture\/couches\/","title":{"rendered":"Couches"},"content":{"rendered":"<div id='av_section_1'  class='avia-section main_color avia-section-default avia-no-border-styling  avia-bg-style-scroll  avia-builder-el-0  el_before_av_section  avia-builder-el-first   av-minimum-height av-minimum-height-custom  container_wrap fullsize' style='background-repeat: no-repeat; background-image: url(https:\/\/www.duglass.com\/wp-content\/uploads\/2020\/05\/header_arquitectura-2.jpg);background-attachment: scroll; background-position: center center;  '  data-section-bg-repeat='no-repeat'><div class='container' style='height:600px'><main  role=\"main\" itemprop=\"mainContentOfPage\"  class='template-page content  av-content-full alpha units'><div class='post-entry post-entry-type-page post-entry-6424'><div class='entry-content-wrapper clearfix'>\n<div  style='padding-bottom:10px; ' class='av-special-heading av-special-heading-h1  blockquote modern-quote  avia-builder-el-1  avia-builder-el-no-sibling  h1-category '><h1 class='av-special-heading-tag '  itemprop=\"headline\"  >Solutions de couches de verre pour les projets architecturaux<\/h1><div class='special-heading-border'><div class='special-heading-inner-border' ><\/div><\/div><\/div>\n\n<\/div><\/div><\/main><!-- close content main element --><\/div><\/div><div id='av_section_2'  class='avia-section main_color avia-section-default avia-no-border-styling  avia-bg-style-scroll  avia-builder-el-2  el_after_av_section  el_before_av_section  solutions  container_wrap fullsize' style='background-color: #ffffff;  '  ><div class='container' ><div class='template-page content  av-content-full alpha units'><div class='post-entry post-entry-type-page post-entry-6424'><div class='entry-content-wrapper clearfix'>\n<div class=\"flex_column av_one_full  av-animated-generic fade-in  flex_column_div first  avia-builder-el-3  el_before_av_one_fourth  avia-builder-el-first  \" style='padding:0px 0px 50px 0px ; border-radius:0px; '><div  style='padding-bottom:0px; ' class='av-special-heading av-special-heading-h2  blockquote modern-quote  avia-builder-el-4  avia-builder-el-no-sibling  '><h2 class='av-special-heading-tag '  itemprop=\"headline\"  >NOS SOLUTIONS DE COUCHES DE VERRE D\u2019ARCHITECTURE<\/h2><div class='special-heading-border'><div class='special-heading-inner-border' ><\/div><\/div><\/div><\/div><div class='flex_column_table av-equal-height-column-flextable -flextable' ><div class=\"flex_column av_one_fourth  av-animated-generic left-to-right  flex_column_table_cell av-equal-height-column av-align-middle av-zero-column-padding first  avia-builder-el-5  el_after_av_one_full  el_before_av_one_fourth  column-top-margin\" style='border-radius:0px; '><div  class='avia-image-container  av-styling-no-styling  noHover  av-overlay-hover-deactivate   avia-builder-el-6  avia-builder-el-no-sibling  avia-align-center '  itemprop=\"image\" itemscope=\"itemscope\" itemtype=\"https:\/\/schema.org\/ImageObject\"  ><div class='avia-image-container-inner'><div class='avia-image-overlay-wrap'><a href='https:\/\/www.duglass.com\/fr\/solutions-pour-larchitecture\/couches\/controle-solaire\/' class='avia_image'  ><div class='av-image-caption-overlay'><div class='av-caption-image-overlay-bg' style='opacity:0.4; background-color:#000000; '><\/div><div class='av-image-caption-overlay-position'><div class='av-image-caption-overlay-center' style='color:#ffffff; '><p>Contr\u00f4le Solaire<\/p>\n<\/div><\/div><\/div><img decoding=\"async\" width=\"845\" height=\"684\" class='wp-image-8443 avia-img-lazy-loading-not-8443 avia_image' src=\"https:\/\/www.duglass.com\/wp-content\/uploads\/2020\/11\/diagonal191-1-845x684.jpg\" alt='' title=''  itemprop=\"thumbnailUrl\" srcset=\"https:\/\/www.duglass.com\/wp-content\/uploads\/2020\/11\/diagonal191-1-845x684.jpg 845w, https:\/\/www.duglass.com\/wp-content\/uploads\/2020\/11\/diagonal191-1-495x400.jpg 495w\" sizes=\"(max-width: 845px) 100vw, 845px\" \/><\/a><\/div><\/div><\/div><\/div><div class='av-flex-placeholder'><\/div><div class=\"flex_column av_one_fourth  av-animated-generic left-to-right  flex_column_table_cell av-equal-height-column av-align-middle av-zero-column-padding   avia-builder-el-7  el_after_av_one_fourth  el_before_av_one_fourth  column-top-margin\" style='border-radius:0px; '><div  class='avia-image-container  av-styling-no-styling  noHover  av-overlay-hover-deactivate   avia-builder-el-8  avia-builder-el-no-sibling  avia-align-center '  itemprop=\"image\" itemscope=\"itemscope\" itemtype=\"https:\/\/schema.org\/ImageObject\"  ><div class='avia-image-container-inner'><div class='avia-image-overlay-wrap'><a href='https:\/\/www.duglass.com\/fr\/solutions-pour-larchitecture\/couches\/hautes-perf\/' class='avia_image'  ><div class='av-image-caption-overlay'><div class='av-caption-image-overlay-bg' style='opacity:0.4; background-color:#000000; '><\/div><div class='av-image-caption-overlay-position'><div class='av-image-caption-overlay-center' style='color:#ffffff; '><p>Hautes Perf<\/p>\n<\/div><\/div><\/div><img decoding=\"async\" width=\"845\" height=\"684\" class='wp-image-8432 avia-img-lazy-loading-not-8432 avia_image' src=\"https:\/\/www.duglass.com\/wp-content\/uploads\/2020\/11\/torre_serrano-1-845x684.jpg\" alt='' title=''  itemprop=\"thumbnailUrl\" srcset=\"https:\/\/www.duglass.com\/wp-content\/uploads\/2020\/11\/torre_serrano-1-845x684.jpg 845w, https:\/\/www.duglass.com\/wp-content\/uploads\/2020\/11\/torre_serrano-1-495x400.jpg 495w\" sizes=\"(max-width: 845px) 100vw, 845px\" \/><\/a><\/div><\/div><\/div><\/div><div class='av-flex-placeholder'><\/div><div class=\"flex_column av_one_fourth  av-animated-generic left-to-right  flex_column_table_cell av-equal-height-column av-align-middle av-zero-column-padding   avia-builder-el-9  el_after_av_one_fourth  el_before_av_one_fourth  column-top-margin\" style='border-radius:0px; '><div  class='avia-image-container  av-styling-no-styling  noHover  av-overlay-hover-deactivate   avia-builder-el-10  avia-builder-el-no-sibling  avia-align-center '  itemprop=\"image\" itemscope=\"itemscope\" itemtype=\"https:\/\/schema.org\/ImageObject\"  ><div class='avia-image-container-inner'><div class='avia-image-overlay-wrap'><a href='https:\/\/www.duglass.com\/fr\/solutions-pour-larchitecture\/couches\/decometalreflec\/' class='avia_image'  ><div class='av-image-caption-overlay'><div class='av-caption-image-overlay-bg' style='opacity:0.4; background-color:#000000; '><\/div><div class='av-image-caption-overlay-position'><div class='av-image-caption-overlay-center' style='color:#ffffff; '><p>DecometalReflec<\/p>\n<\/div><\/div><\/div><img decoding=\"async\" width=\"845\" height=\"684\" class='wp-image-8295 avia-img-lazy-loading-not-8295 avia_image' src=\"https:\/\/www.duglass.com\/wp-content\/uploads\/2020\/11\/bourdeaxu-1-845x684.jpg\" alt='' title='bourdeaxu-1'  itemprop=\"thumbnailUrl\" srcset=\"https:\/\/www.duglass.com\/wp-content\/uploads\/2020\/11\/bourdeaxu-1-845x684.jpg 845w, https:\/\/www.duglass.com\/wp-content\/uploads\/2020\/11\/bourdeaxu-1-495x400.jpg 495w\" sizes=\"(max-width: 845px) 100vw, 845px\" \/><\/a><\/div><\/div><\/div><\/div><div class='av-flex-placeholder'><\/div><div class=\"flex_column av_one_fourth  av-animated-generic left-to-right  flex_column_table_cell av-equal-height-column av-align-middle av-zero-column-padding   avia-builder-el-11  el_after_av_one_fourth  avia-builder-el-last  column-top-margin\" style='border-radius:0px; '><div  class='avia-image-container  av-styling-no-styling  noHover  av-overlay-hover-deactivate   avia-builder-el-12  avia-builder-el-no-sibling  avia-align-center '  itemprop=\"image\" itemscope=\"itemscope\" itemtype=\"https:\/\/schema.org\/ImageObject\"  ><div class='avia-image-container-inner'><div class='avia-image-overlay-wrap'><a href='https:\/\/www.duglass.com\/fr\/solutions-pour-larchitecture\/couches\/selectsun\/' class='avia_image'  ><div class='av-image-caption-overlay'><div class='av-caption-image-overlay-bg' style='opacity:0.4; background-color:#000000; '><\/div><div class='av-image-caption-overlay-position'><div class='av-image-caption-overlay-center' style='color:#ffffff; '><p>SelectSun<\/p>\n<\/div><\/div><\/div><img decoding=\"async\" width=\"845\" height=\"684\" class='wp-image-8407 avia-img-lazy-loading-not-8407 avia_image' src=\"https:\/\/www.duglass.com\/wp-content\/uploads\/2020\/11\/selectsun3-1-845x684.jpg\" alt='' title='selectsun3-1'  itemprop=\"thumbnailUrl\" srcset=\"https:\/\/www.duglass.com\/wp-content\/uploads\/2020\/11\/selectsun3-1-845x684.jpg 845w, https:\/\/www.duglass.com\/wp-content\/uploads\/2020\/11\/selectsun3-1-495x400.jpg 495w\" sizes=\"(max-width: 845px) 100vw, 845px\" \/><\/a><\/div><\/div><\/div><\/div><\/div><!--close column table wrapper. Autoclose: 1 --><\/div><\/div><\/div><!-- close content main div --><\/div><\/div><div id='av_section_3'  class='avia-section main_color avia-section-default avia-no-border-styling  avia-bg-style-scroll  avia-builder-el-13  el_after_av_section  el_before_av_section   container_wrap fullsize' style='background-color: #f1f1f1;  '  ><div class='container' ><div class='template-page content  av-content-full alpha units'><div class='post-entry post-entry-type-page post-entry-6424'><div class='entry-content-wrapper clearfix'>\n<div class=\"flex_column av_one_full  av-animated-generic fade-in  flex_column_div av-zero-column-padding first  avia-builder-el-14  avia-builder-el-no-sibling  \" style='border-radius:0px; '><p><div  style='padding-bottom:5px; ' class='av-special-heading av-special-heading-h3  blockquote modern-quote modern-centered  avia-builder-el-15  el_before_av_textblock  avia-builder-el-first  '><h3 class='av-special-heading-tag '  itemprop=\"headline\"  >CARACT\u00c9RISTIQUES DU COUCHES EN VERRE<\/h3><div class='special-heading-border'><div class='special-heading-inner-border' ><\/div><\/div><\/div><br \/>\n<section class=\"av_textblock_section \"  itemscope=\"itemscope\" itemtype=\"https:\/\/schema.org\/CreativeWork\" ><div class='avia_textblock  '   itemprop=\"text\" ><p style=\"text-align: center;\">Pour am\u00e9liorer les propri\u00e9t\u00e9s optiques et thermiques du verre, sur les verres peuvent se d\u00e9poser des structures m\u00e9talliques multicouches ou des compos\u00e9s. Gr\u00e2ce au processus de d\u00e9p\u00f4t physique \u00e0 vide \u00e9lev\u00e9 par la technique Magnetron Sputtering, avec cette technique, sont obtenues des structures multicouches plus complexes, par lesquelles sont produites le verre de contr\u00f4le solaire, faible \u00e9missivit\u00e9 ou la combinaison des verres avec ces deux propri\u00e9t\u00e9s.<\/p>\n<\/div><\/section><\/p><\/div>\n<\/p>\n<\/div><\/div><\/div><!-- close content main div --><\/div><\/div><div id='av_section_4'  class='avia-section main_color avia-section-default avia-no-border-styling  avia-bg-style-scroll  avia-builder-el-17  el_after_av_section  el_before_av_masonry_entries   container_wrap fullsize' style=' '  ><div class='container' ><div class='template-page content  av-content-full alpha units'><div class='post-entry post-entry-type-page post-entry-6424'><div class='entry-content-wrapper clearfix'>\n<div class=\"flex_column av_one_full  flex_column_div av-zero-column-padding first  avia-builder-el-18  avia-builder-el-no-sibling  \" style='border-radius:0px; '><div  style='padding-bottom:0px; ' class='av-special-heading av-special-heading-h4  blockquote modern-quote  avia-builder-el-19  avia-builder-el-no-sibling  '><h4 class='av-special-heading-tag '  itemprop=\"headline\"  >PRINCIPAUX PROJETS DANS LE MONDE<\/h4><div class='special-heading-border'><div class='special-heading-inner-border' ><\/div><\/div><\/div><\/div>\n\n<div id='av-masonry-1' class='av-masonry projects noHover av-fixed-size av-no-gap av-hover-overlay-active av-masonry-animation-active av-masonry-col-4 av-caption-always av-caption-style-overlay    '  ><div class='av-masonry-container isotope av-js-disabled ' ><div class='av-masonry-entry isotope-item av-masonry-item-no-image '><\/div><a href=\"https:\/\/www.duglass.com\/fr\/projets\/verre-fourni-par-arino-duglass\/\" id='av-masonry-1-item-9322' data-av-masonry-item='9322' class='av-masonry-entry isotope-item post-9322 portfolio type-portfolio status-publish has-post-thumbnail hentry portfolio_entries-architecture portfolio_entries-projets-en-vedette  av-masonry-item-with-image av-grid-img' title=\"PlanetaTierra\"  itemscope=\"itemscope\" itemtype=\"https:\/\/schema.org\/CreativeWork\" ><div class='av-inner-masonry-sizer'><\/div><figure class='av-inner-masonry main_color'><div class=\"av-masonry-outerimage-container\"><div class=\"av-masonry-image-container\" style=\"background-image: url(https:\/\/www.duglass.com\/wp-content\/uploads\/2022\/03\/PlanetaTierra-705x534.png);\" title=\"PlanetaTierra\" ><\/div><\/div><figcaption class='av-inner-masonry-content site-background'><div class='av-inner-masonry-content-pos'><div class='av-inner-masonry-content-pos-content'><div class='avia-arrow'><\/div><p class='av-masonry-entry-title entry-title bold'  itemprop=\"headline\" >Verre fourni par Ari\u00f1o Duglass<\/p><\/div><\/div><\/figcaption><\/figure><\/a><!--end av-masonry entry--><a href=\"https:\/\/www.duglass.com\/fr\/projets\/factory-4-0\/\" id='av-masonry-1-item-6520' data-av-masonry-item='6520' class='av-masonry-entry isotope-item post-6520 portfolio type-portfolio status-publish has-post-thumbnail hentry portfolio_entries-architecture  av-masonry-item-with-image av-grid-img' title=\"Factory 4.0\"  itemscope=\"itemscope\" itemtype=\"https:\/\/schema.org\/CreativeWork\" ><div class='av-inner-masonry-sizer'><\/div><figure class='av-inner-masonry main_color'><div class=\"av-masonry-outerimage-container\"><div class=\"av-masonry-image-container\" style=\"background-image: url(https:\/\/www.duglass.com\/wp-content\/uploads\/2020\/04\/factory_portada.jpg);\"><\/div><\/div><figcaption class='av-inner-masonry-content site-background'><div class='av-inner-masonry-content-pos'><div class='av-inner-masonry-content-pos-content'><div class='avia-arrow'><\/div><p class='av-masonry-entry-title entry-title bold'  itemprop=\"headline\" >Factory 4.0<\/p><\/div><\/div><\/figcaption><\/figure><\/a><!--end av-masonry entry--><a href=\"https:\/\/www.duglass.com\/fr\/projets\/archipel-siege-social-de-vinci\/\" id='av-masonry-1-item-6707' data-av-masonry-item='6707' class='av-masonry-entry isotope-item post-6707 portfolio type-portfolio status-publish has-post-thumbnail hentry portfolio_entries-architecture portfolio_entries-projets-en-vedette  av-masonry-item-with-image av-grid-img' title=\"devinci_portada\"  itemscope=\"itemscope\" itemtype=\"https:\/\/schema.org\/CreativeWork\" ><div class='av-inner-masonry-sizer'><\/div><figure class='av-inner-masonry main_color'><div class=\"av-masonry-outerimage-container\"><div class=\"av-masonry-image-container\" style=\"background-image: url(https:\/\/www.duglass.com\/wp-content\/uploads\/2020\/04\/devinci_portada.jpg);\" title=\"devinci_portada\" ><\/div><\/div><figcaption class='av-inner-masonry-content site-background'><div class='av-inner-masonry-content-pos'><div class='av-inner-masonry-content-pos-content'><div class='avia-arrow'><\/div><p class='av-masonry-entry-title entry-title bold'  itemprop=\"headline\" >Archipel &#8211; Si\u00e8ge social de Vinci<\/p><\/div><\/div><\/figcaption><\/figure><\/a><!--end av-masonry entry--><a href=\"https:\/\/www.duglass.com\/fr\/projets\/conservatoire-montpellier\/\" id='av-masonry-1-item-6705' data-av-masonry-item='6705' class='av-masonry-entry isotope-item post-6705 portfolio type-portfolio status-publish has-post-thumbnail hentry portfolio_entries-architecture  av-masonry-item-with-image av-grid-img' title=\"conservatorio_montpellier_portada\"  itemscope=\"itemscope\" itemtype=\"https:\/\/schema.org\/CreativeWork\" ><div class='av-inner-masonry-sizer'><\/div><figure class='av-inner-masonry main_color'><div class=\"av-masonry-outerimage-container\"><div class=\"av-masonry-image-container\" style=\"background-image: url(https:\/\/www.duglass.com\/wp-content\/uploads\/2020\/04\/conservatorio_montpellier_portada.jpg);\" title=\"conservatorio_montpellier_portada\" ><\/div><\/div><figcaption class='av-inner-masonry-content site-background'><div class='av-inner-masonry-content-pos'><div class='av-inner-masonry-content-pos-content'><div class='avia-arrow'><\/div><p class='av-masonry-entry-title entry-title bold'  itemprop=\"headline\" >Conservatoire Montpellier<\/p><\/div><\/div><\/figcaption><\/figure><\/a><!--end av-masonry entry--><\/div><\/div>\n","protected":false},"excerpt":{"rendered":"","protected":false},"author":1,"featured_media":0,"parent":6388,"menu_order":0,"comment_status":"closed","ping_status":"closed","template":"","meta":{"footnotes":""},"class_list":["post-6424","page","type-page","status-publish","hentry"],"yoast_head":"<!-- This site is optimized with the Yoast SEO plugin v26.9 - https:\/\/yoast.com\/product\/yoast-seo-wordpress\/ -->\n<title>Couches - Ari\u00f1o Duglass<\/title>\n<meta name=\"robots\" content=\"index, follow, max-snippet:-1, max-image-preview:large, max-video-preview:-1\" \/>\n<link rel=\"canonical\" href=\"https:\/\/www.duglass.com\/fr\/solutions-pour-larchitecture\/couches\/\" \/>\n<meta property=\"og:locale\" content=\"fr_FR\" \/>\n<meta property=\"og:type\" content=\"article\" \/>\n<meta property=\"og:title\" content=\"Couches - Ari\u00f1o Duglass\" \/>\n<meta property=\"og:url\" content=\"https:\/\/www.duglass.com\/fr\/solutions-pour-larchitecture\/couches\/\" \/>\n<meta property=\"og:site_name\" content=\"Ari\u00f1o Duglass\" \/>\n<meta property=\"article:publisher\" content=\"https:\/\/www.facebook.com\/arinoduglass\" \/>\n<meta property=\"article:modified_time\" content=\"2020-11-12T10:39:11+00:00\" \/>\n<meta name=\"twitter:card\" content=\"summary_large_image\" \/>\n<meta name=\"twitter:site\" content=\"@arinoduglass\" \/>\n<meta name=\"twitter:label1\" content=\"Dur\u00e9e de lecture estim\u00e9e\" \/>\n\t<meta name=\"twitter:data1\" content=\"11 minutes\" \/>\n<script type=\"application\/ld+json\" class=\"yoast-schema-graph\">{\"@context\":\"https:\/\/schema.org\",\"@graph\":[{\"@type\":\"WebPage\",\"@id\":\"https:\/\/www.duglass.com\/fr\/solutions-pour-larchitecture\/couches\/\",\"url\":\"https:\/\/www.duglass.com\/fr\/solutions-pour-larchitecture\/couches\/\",\"name\":\"Couches - Ari\u00f1o Duglass\",\"isPartOf\":{\"@id\":\"https:\/\/www.duglass.com\/fr\/#website\"},\"datePublished\":\"2020-06-10T12:08:57+00:00\",\"dateModified\":\"2020-11-12T10:39:11+00:00\",\"breadcrumb\":{\"@id\":\"https:\/\/www.duglass.com\/fr\/solutions-pour-larchitecture\/couches\/#breadcrumb\"},\"inLanguage\":\"fr-FR\",\"potentialAction\":[{\"@type\":\"ReadAction\",\"target\":[\"https:\/\/www.duglass.com\/fr\/solutions-pour-larchitecture\/couches\/\"]}]},{\"@type\":\"BreadcrumbList\",\"@id\":\"https:\/\/www.duglass.com\/fr\/solutions-pour-larchitecture\/couches\/#breadcrumb\",\"itemListElement\":[{\"@type\":\"ListItem\",\"position\":1,\"name\":\"Portada\",\"item\":\"https:\/\/www.duglass.com\/fr\/inicio\/\"},{\"@type\":\"ListItem\",\"position\":2,\"name\":\"Solutions pour l\u2019architecture\",\"item\":\"https:\/\/www.duglass.com\/fr\/solutions-pour-larchitecture\/\"},{\"@type\":\"ListItem\",\"position\":3,\"name\":\"Couches\"}]},{\"@type\":\"WebSite\",\"@id\":\"https:\/\/www.duglass.com\/fr\/#website\",\"url\":\"https:\/\/www.duglass.com\/fr\/\",\"name\":\"Ari\u00f1o Duglass\",\"description\":\"Especialistas en vidrio desde 1952\",\"publisher\":{\"@id\":\"https:\/\/www.duglass.com\/fr\/#organization\"},\"potentialAction\":[{\"@type\":\"SearchAction\",\"target\":{\"@type\":\"EntryPoint\",\"urlTemplate\":\"https:\/\/www.duglass.com\/fr\/?s={search_term_string}\"},\"query-input\":{\"@type\":\"PropertyValueSpecification\",\"valueRequired\":true,\"valueName\":\"search_term_string\"}}],\"inLanguage\":\"fr-FR\"},{\"@type\":\"Organization\",\"@id\":\"https:\/\/www.duglass.com\/fr\/#organization\",\"name\":\"Ari\u00f1o Duglass\",\"url\":\"https:\/\/www.duglass.com\/fr\/\",\"logo\":{\"@type\":\"ImageObject\",\"inLanguage\":\"fr-FR\",\"@id\":\"https:\/\/www.duglass.com\/fr\/#\/schema\/logo\/image\/\",\"url\":\"https:\/\/www.duglass.com\/wp-content\/uploads\/2020\/07\/logo-color.png\",\"contentUrl\":\"https:\/\/www.duglass.com\/wp-content\/uploads\/2020\/07\/logo-color.png\",\"width\":340,\"height\":156,\"caption\":\"Ari\u00f1o Duglass\"},\"image\":{\"@id\":\"https:\/\/www.duglass.com\/fr\/#\/schema\/logo\/image\/\"},\"sameAs\":[\"https:\/\/www.facebook.com\/arinoduglass\",\"https:\/\/x.com\/arinoduglass\",\"https:\/\/www.instagram.com\/arino_duglass\/\",\"https:\/\/www.linkedin.com\/company\/ari-o-duglass\",\"https:\/\/www.youtube.com\/channel\/UCfanZTfqx8byi7xCwLQvpxg\",\"https:\/\/www.pinterest.es\/arioduglass\/\"]}]}<\/script>\n<!-- \/ Yoast SEO plugin. -->","yoast_head_json":{"title":"Couches - Ari\u00f1o Duglass","robots":{"index":"index","follow":"follow","max-snippet":"max-snippet:-1","max-image-preview":"max-image-preview:large","max-video-preview":"max-video-preview:-1"},"canonical":"https:\/\/www.duglass.com\/fr\/solutions-pour-larchitecture\/couches\/","og_locale":"fr_FR","og_type":"article","og_title":"Couches - Ari\u00f1o Duglass","og_url":"https:\/\/www.duglass.com\/fr\/solutions-pour-larchitecture\/couches\/","og_site_name":"Ari\u00f1o Duglass","article_publisher":"https:\/\/www.facebook.com\/arinoduglass","article_modified_time":"2020-11-12T10:39:11+00:00","twitter_card":"summary_large_image","twitter_site":"@arinoduglass","twitter_misc":{"Dur\u00e9e de lecture estim\u00e9e":"11 minutes"},"schema":{"@context":"https:\/\/schema.org","@graph":[{"@type":"WebPage","@id":"https:\/\/www.duglass.com\/fr\/solutions-pour-larchitecture\/couches\/","url":"https:\/\/www.duglass.com\/fr\/solutions-pour-larchitecture\/couches\/","name":"Couches - Ari\u00f1o Duglass","isPartOf":{"@id":"https:\/\/www.duglass.com\/fr\/#website"},"datePublished":"2020-06-10T12:08:57+00:00","dateModified":"2020-11-12T10:39:11+00:00","breadcrumb":{"@id":"https:\/\/www.duglass.com\/fr\/solutions-pour-larchitecture\/couches\/#breadcrumb"},"inLanguage":"fr-FR","potentialAction":[{"@type":"ReadAction","target":["https:\/\/www.duglass.com\/fr\/solutions-pour-larchitecture\/couches\/"]}]},{"@type":"BreadcrumbList","@id":"https:\/\/www.duglass.com\/fr\/solutions-pour-larchitecture\/couches\/#breadcrumb","itemListElement":[{"@type":"ListItem","position":1,"name":"Portada","item":"https:\/\/www.duglass.com\/fr\/inicio\/"},{"@type":"ListItem","position":2,"name":"Solutions pour l\u2019architecture","item":"https:\/\/www.duglass.com\/fr\/solutions-pour-larchitecture\/"},{"@type":"ListItem","position":3,"name":"Couches"}]},{"@type":"WebSite","@id":"https:\/\/www.duglass.com\/fr\/#website","url":"https:\/\/www.duglass.com\/fr\/","name":"Ari\u00f1o Duglass","description":"Especialistas en vidrio desde 1952","publisher":{"@id":"https:\/\/www.duglass.com\/fr\/#organization"},"potentialAction":[{"@type":"SearchAction","target":{"@type":"EntryPoint","urlTemplate":"https:\/\/www.duglass.com\/fr\/?s={search_term_string}"},"query-input":{"@type":"PropertyValueSpecification","valueRequired":true,"valueName":"search_term_string"}}],"inLanguage":"fr-FR"},{"@type":"Organization","@id":"https:\/\/www.duglass.com\/fr\/#organization","name":"Ari\u00f1o Duglass","url":"https:\/\/www.duglass.com\/fr\/","logo":{"@type":"ImageObject","inLanguage":"fr-FR","@id":"https:\/\/www.duglass.com\/fr\/#\/schema\/logo\/image\/","url":"https:\/\/www.duglass.com\/wp-content\/uploads\/2020\/07\/logo-color.png","contentUrl":"https:\/\/www.duglass.com\/wp-content\/uploads\/2020\/07\/logo-color.png","width":340,"height":156,"caption":"Ari\u00f1o Duglass"},"image":{"@id":"https:\/\/www.duglass.com\/fr\/#\/schema\/logo\/image\/"},"sameAs":["https:\/\/www.facebook.com\/arinoduglass","https:\/\/x.com\/arinoduglass","https:\/\/www.instagram.com\/arino_duglass\/","https:\/\/www.linkedin.com\/company\/ari-o-duglass","https:\/\/www.youtube.com\/channel\/UCfanZTfqx8byi7xCwLQvpxg","https:\/\/www.pinterest.es\/arioduglass\/"]}]}},"_links":{"self":[{"href":"https:\/\/www.duglass.com\/fr\/wp-json\/wp\/v2\/pages\/6424","targetHints":{"allow":["GET"]}}],"collection":[{"href":"https:\/\/www.duglass.com\/fr\/wp-json\/wp\/v2\/pages"}],"about":[{"href":"https:\/\/www.duglass.com\/fr\/wp-json\/wp\/v2\/types\/page"}],"author":[{"embeddable":true,"href":"https:\/\/www.duglass.com\/fr\/wp-json\/wp\/v2\/users\/1"}],"replies":[{"embeddable":true,"href":"https:\/\/www.duglass.com\/fr\/wp-json\/wp\/v2\/comments?post=6424"}],"version-history":[{"count":8,"href":"https:\/\/www.duglass.com\/fr\/wp-json\/wp\/v2\/pages\/6424\/revisions"}],"predecessor-version":[{"id":8447,"href":"https:\/\/www.duglass.com\/fr\/wp-json\/wp\/v2\/pages\/6424\/revisions\/8447"}],"up":[{"embeddable":true,"href":"https:\/\/www.duglass.com\/fr\/wp-json\/wp\/v2\/pages\/6388"}],"wp:attachment":[{"href":"https:\/\/www.duglass.com\/fr\/wp-json\/wp\/v2\/media?parent=6424"}],"curies":[{"name":"wp","href":"https:\/\/api.w.org\/{rel}","templated":true}]}}