{"id":11992,"date":"2026-02-03T10:53:29","date_gmt":"2026-02-03T09:53:29","guid":{"rendered":"https:\/\/www.duglass.com\/?page_id=11992"},"modified":"2026-02-03T10:53:29","modified_gmt":"2026-02-03T09:53:29","slug":"outils-et-utilitaires","status":"publish","type":"page","link":"https:\/\/www.duglass.com\/fr\/solutions-pour-larchitecture\/outils-et-utilitaires\/","title":{"rendered":"Sp\u00e9ciaux"},"content":{"rendered":"<div id='av_section_1'  class='avia-section main_color avia-section-default avia-no-border-styling  avia-bg-style-scroll  avia-builder-el-0  el_before_av_section  avia-builder-el-first   av-minimum-height av-minimum-height-custom  container_wrap fullsize' style='background-repeat: no-repeat; background-image: url(https:\/\/www.duglass.com\/wp-content\/uploads\/2020\/05\/header_arquitectura-2.jpg);background-attachment: scroll; background-position: top center;  '  data-section-bg-repeat='no-repeat'><div class='container' style='height:300px'><main  role=\"main\" itemprop=\"mainContentOfPage\"  class='template-page content  av-content-full alpha units'><div class='post-entry post-entry-type-page post-entry-11992'><div class='entry-content-wrapper clearfix'>\n<div  style='padding-bottom:10px; ' class='av-special-heading av-special-heading-h1  blockquote modern-quote  avia-builder-el-1  avia-builder-el-no-sibling  h1-category '><h1 class='av-special-heading-tag '  itemprop=\"headline\"  >Outils et Utilitaires<\/h1><div class='special-heading-border'><div class='special-heading-inner-border' ><\/div><\/div><\/div>\n<\/div><\/div><\/main><!-- close content main element --><\/div><\/div><div id='av_section_2'  class='avia-section main_color avia-section-default avia-no-border-styling  avia-bg-style-scroll  avia-builder-el-2  el_after_av_section  el_before_av_section  solutions  container_wrap fullsize' style='background-color: #ffffff;  '  ><div class='container' ><div class='template-page content  av-content-full alpha units'><div class='post-entry post-entry-type-page post-entry-11992'><div class='entry-content-wrapper clearfix'>\n<div class=\"flex_column av_one_full  av-animated-generic fade-in  flex_column_div first  avia-builder-el-3  el_before_av_one_third  avia-builder-el-first  \" style='padding:0px 0px 50px 0px ; border-radius:0px; '><div  style='padding-bottom:0px; ' class='av-special-heading av-special-heading-h2  blockquote modern-quote  avia-builder-el-4  avia-builder-el-no-sibling  '><h2 class='av-special-heading-tag '  itemprop=\"headline\"  >Outils et Utilitaires d\u2019Ari\u00f1o Duglass<\/h2><div class='special-heading-border'><div class='special-heading-inner-border' ><\/div><\/div><\/div><\/div><div class='flex_column_table av-equal-height-column-flextable -flextable' ><div class=\"flex_column av_one_third  av-animated-generic left-to-right  flex_column_table_cell av-equal-height-column av-align-middle av-zero-column-padding first  avia-builder-el-5  el_after_av_one_full  el_before_av_one_third  column-top-margin\" style='border-radius:0px; '><div  class='avia-image-container  av-styling-no-styling  noHover  av-overlay-hover-deactivate   avia-builder-el-6  avia-builder-el-no-sibling  avia-align-center '  itemprop=\"image\" itemscope=\"itemscope\" itemtype=\"https:\/\/schema.org\/ImageObject\"  ><div class='avia-image-container-inner'><div class='avia-image-overlay-wrap'><a href='https:\/\/earth.google.com\/web\/@11.67685767,37.70713716,2173.87709051a,13645090.48743397d,30.00014288y,0h,0t,0r\/data=MikKJwolCiExdkk5S2pja29QSHJHZHN2WVkwWDgwVmt5bEM3MTJiSm0gAg' class='avia_image'  ><div class='av-image-caption-overlay'><div class='av-caption-image-overlay-bg' style='opacity:0.4; background-color:#000000; '><\/div><div class='av-image-caption-overlay-position'><div class='av-image-caption-overlay-center' style='color:#ffffff; '><p>Mapa de obras de Ari\u00f1o Duglass<\/p>\n<\/div><\/div><\/div><img decoding=\"async\" width=\"300\" height=\"227\" class='wp-image-9309 avia-img-lazy-loading-not-9309 avia_image' src=\"https:\/\/www.duglass.com\/wp-content\/uploads\/2022\/03\/PlanetaTierra-300x227.png\" alt='' title='PlanetaTierra'  itemprop=\"thumbnailUrl\" srcset=\"https:\/\/www.duglass.com\/wp-content\/uploads\/2022\/03\/PlanetaTierra-300x227.png 300w, https:\/\/www.duglass.com\/wp-content\/uploads\/2022\/03\/PlanetaTierra-768x581.png 768w, https:\/\/www.duglass.com\/wp-content\/uploads\/2022\/03\/PlanetaTierra-705x534.png 705w, https:\/\/www.duglass.com\/wp-content\/uploads\/2022\/03\/PlanetaTierra.png 774w\" sizes=\"(max-width: 300px) 100vw, 300px\" \/><\/a><\/div><\/div><\/div><\/div><div class='av-flex-placeholder'><\/div><div class=\"flex_column av_one_third  av-animated-generic left-to-right  flex_column_table_cell av-equal-height-column av-align-middle av-zero-column-padding   avia-builder-el-7  el_after_av_one_third  el_before_av_one_third  column-top-margin\" style='border-radius:0px; '><\/div><div class='av-flex-placeholder'><\/div><div class=\"flex_column av_one_third  av-animated-generic left-to-right  flex_column_table_cell av-equal-height-column av-align-middle av-zero-column-padding   avia-builder-el-8  el_after_av_one_third  avia-builder-el-last  column-top-margin\" style='border-radius:0px; '><\/div><\/div><!--close column table wrapper. Autoclose: 1 --><\/div><\/div><\/div><!-- close content main div --><\/div><\/div><div id='av_section_3'  class='avia-section main_color avia-section-default avia-no-border-styling  avia-bg-style-scroll  avia-builder-el-9  el_after_av_section  el_before_av_masonry_entries   container_wrap fullsize' style=' '  ><div class='container' ><div class='template-page content  av-content-full alpha units'><div class='post-entry post-entry-type-page post-entry-11992'><div class='entry-content-wrapper clearfix'>\n<div class=\"flex_column av_one_full  flex_column_div av-zero-column-padding first  avia-builder-el-10  avia-builder-el-no-sibling  \" style='border-radius:0px; '><div  style='padding-bottom:0px; ' class='av-special-heading av-special-heading-h4  blockquote modern-quote  avia-builder-el-11  avia-builder-el-no-sibling  '><h4 class='av-special-heading-tag '  itemprop=\"headline\"  >PROJETS R\u00c9ALIS\u00c9S DANS LE MONDE<\/h4><div class='special-heading-border'><div class='special-heading-inner-border' ><\/div><\/div><\/div><\/div>\n<\/p>\n<div id='av-masonry-1' class='av-masonry projects noHover av-fixed-size av-no-gap av-hover-overlay-active av-masonry-animation-active av-masonry-col-4 av-caption-always av-caption-style-overlay    '  ><div class='av-masonry-container isotope av-js-disabled ' ><div class='av-masonry-entry isotope-item av-masonry-item-no-image '><\/div><a href=\"https:\/\/www.duglass.com\/fr\/projets\/verre-fourni-par-arino-duglass\/\" id='av-masonry-1-item-9322' data-av-masonry-item='9322' class='av-masonry-entry isotope-item post-9322 portfolio type-portfolio status-publish has-post-thumbnail hentry portfolio_entries-architecture portfolio_entries-projets-en-vedette  av-masonry-item-with-image av-grid-img' title=\"PlanetaTierra\"  itemscope=\"itemscope\" itemtype=\"https:\/\/schema.org\/CreativeWork\" ><div class='av-inner-masonry-sizer'><\/div><figure class='av-inner-masonry main_color'><div class=\"av-masonry-outerimage-container\"><div class=\"av-masonry-image-container\" style=\"background-image: url(https:\/\/www.duglass.com\/wp-content\/uploads\/2022\/03\/PlanetaTierra-705x534.png);\" title=\"PlanetaTierra\" ><\/div><\/div><figcaption class='av-inner-masonry-content site-background'><div class='av-inner-masonry-content-pos'><div class='av-inner-masonry-content-pos-content'><div class='avia-arrow'><\/div><p class='av-masonry-entry-title entry-title bold'  itemprop=\"headline\" >Verre fourni par Ari\u00f1o Duglass<\/p><\/div><\/div><\/figcaption><\/figure><\/a><!--end av-masonry entry--><a href=\"https:\/\/www.duglass.com\/fr\/projets\/factory-4-0\/\" id='av-masonry-1-item-6520' data-av-masonry-item='6520' class='av-masonry-entry isotope-item post-6520 portfolio type-portfolio status-publish has-post-thumbnail hentry portfolio_entries-architecture  av-masonry-item-with-image av-grid-img' title=\"Factory 4.0\"  itemscope=\"itemscope\" itemtype=\"https:\/\/schema.org\/CreativeWork\" ><div class='av-inner-masonry-sizer'><\/div><figure class='av-inner-masonry main_color'><div class=\"av-masonry-outerimage-container\"><div class=\"av-masonry-image-container\" style=\"background-image: url(https:\/\/www.duglass.com\/wp-content\/uploads\/2020\/04\/factory_portada.jpg);\"><\/div><\/div><figcaption class='av-inner-masonry-content site-background'><div class='av-inner-masonry-content-pos'><div class='av-inner-masonry-content-pos-content'><div class='avia-arrow'><\/div><p class='av-masonry-entry-title entry-title bold'  itemprop=\"headline\" >Factory 4.0<\/p><\/div><\/div><\/figcaption><\/figure><\/a><!--end av-masonry entry--><a href=\"https:\/\/www.duglass.com\/fr\/projets\/archipel-siege-social-de-vinci\/\" id='av-masonry-1-item-6707' data-av-masonry-item='6707' class='av-masonry-entry isotope-item post-6707 portfolio type-portfolio status-publish has-post-thumbnail hentry portfolio_entries-architecture portfolio_entries-projets-en-vedette  av-masonry-item-with-image av-grid-img' title=\"devinci_portada\"  itemscope=\"itemscope\" itemtype=\"https:\/\/schema.org\/CreativeWork\" ><div class='av-inner-masonry-sizer'><\/div><figure class='av-inner-masonry main_color'><div class=\"av-masonry-outerimage-container\"><div class=\"av-masonry-image-container\" style=\"background-image: url(https:\/\/www.duglass.com\/wp-content\/uploads\/2020\/04\/devinci_portada.jpg);\" title=\"devinci_portada\" ><\/div><\/div><figcaption class='av-inner-masonry-content site-background'><div class='av-inner-masonry-content-pos'><div class='av-inner-masonry-content-pos-content'><div class='avia-arrow'><\/div><p class='av-masonry-entry-title entry-title bold'  itemprop=\"headline\" >Archipel &#8211; Si\u00e8ge social de Vinci<\/p><\/div><\/div><\/figcaption><\/figure><\/a><!--end av-masonry entry--><a href=\"https:\/\/www.duglass.com\/fr\/projets\/conservatoire-montpellier\/\" id='av-masonry-1-item-6705' data-av-masonry-item='6705' class='av-masonry-entry isotope-item post-6705 portfolio type-portfolio status-publish has-post-thumbnail hentry portfolio_entries-architecture  av-masonry-item-with-image av-grid-img' title=\"conservatorio_montpellier_portada\"  itemscope=\"itemscope\" itemtype=\"https:\/\/schema.org\/CreativeWork\" ><div class='av-inner-masonry-sizer'><\/div><figure class='av-inner-masonry main_color'><div class=\"av-masonry-outerimage-container\"><div class=\"av-masonry-image-container\" style=\"background-image: url(https:\/\/www.duglass.com\/wp-content\/uploads\/2020\/04\/conservatorio_montpellier_portada.jpg);\" title=\"conservatorio_montpellier_portada\" ><\/div><\/div><figcaption class='av-inner-masonry-content site-background'><div class='av-inner-masonry-content-pos'><div class='av-inner-masonry-content-pos-content'><div class='avia-arrow'><\/div><p class='av-masonry-entry-title entry-title bold'  itemprop=\"headline\" >Conservatoire Montpellier<\/p><\/div><\/div><\/figcaption><\/figure><\/a><!--end av-masonry entry--><\/div><\/div>\n","protected":false},"excerpt":{"rendered":"","protected":false},"author":3,"featured_media":0,"parent":6388,"menu_order":0,"comment_status":"closed","ping_status":"closed","template":"","meta":{"footnotes":""},"class_list":["post-11992","page","type-page","status-publish","hentry"],"yoast_head":"<!-- This site is optimized with the Yoast SEO plugin v26.9 - https:\/\/yoast.com\/product\/yoast-seo-wordpress\/ -->\n<title>Verre sp\u00e9cial pour les b\u00e2timents et l&#039;architecture - Ari\u00f1o Duglass<\/title>\n<meta name=\"description\" content=\"Gamme de verres pour projets d&#039;architecture et b\u00e2timents sp\u00e9ciaux. D\u00e9veloppements personnalis\u00e9s et innovants pour les grands projets de conception.\" \/>\n<meta name=\"robots\" content=\"index, follow, max-snippet:-1, max-image-preview:large, max-video-preview:-1\" \/>\n<link rel=\"canonical\" href=\"https:\/\/www.duglass.com\/fr\/solutions-pour-larchitecture\/outils-et-utilitaires\/\" \/>\n<meta property=\"og:locale\" content=\"fr_FR\" \/>\n<meta property=\"og:type\" content=\"article\" \/>\n<meta property=\"og:title\" content=\"Verre sp\u00e9cial pour les b\u00e2timents et l&#039;architecture - Ari\u00f1o Duglass\" \/>\n<meta property=\"og:description\" content=\"Gamme de verres pour projets d&#039;architecture et b\u00e2timents sp\u00e9ciaux. D\u00e9veloppements personnalis\u00e9s et innovants pour les grands projets de conception.\" \/>\n<meta property=\"og:url\" content=\"https:\/\/www.duglass.com\/fr\/solutions-pour-larchitecture\/outils-et-utilitaires\/\" \/>\n<meta property=\"og:site_name\" content=\"Ari\u00f1o Duglass\" \/>\n<meta property=\"article:publisher\" content=\"https:\/\/www.facebook.com\/arinoduglass\" \/>\n<meta name=\"twitter:card\" content=\"summary_large_image\" \/>\n<meta name=\"twitter:site\" content=\"@arinoduglass\" \/>\n<meta name=\"twitter:label1\" content=\"Dur\u00e9e de lecture estim\u00e9e\" \/>\n\t<meta name=\"twitter:data1\" content=\"3 minutes\" \/>\n<script type=\"application\/ld+json\" class=\"yoast-schema-graph\">{\"@context\":\"https:\/\/schema.org\",\"@graph\":[{\"@type\":\"WebPage\",\"@id\":\"https:\/\/www.duglass.com\/fr\/solutions-pour-larchitecture\/outils-et-utilitaires\/\",\"url\":\"https:\/\/www.duglass.com\/fr\/solutions-pour-larchitecture\/outils-et-utilitaires\/\",\"name\":\"Verre sp\u00e9cial pour les b\u00e2timents et l'architecture - Ari\u00f1o Duglass\",\"isPartOf\":{\"@id\":\"https:\/\/www.duglass.com\/fr\/#website\"},\"datePublished\":\"2026-02-03T09:53:29+00:00\",\"description\":\"Gamme de verres pour projets d'architecture et b\u00e2timents sp\u00e9ciaux. D\u00e9veloppements personnalis\u00e9s et innovants pour les grands projets de conception.\",\"breadcrumb\":{\"@id\":\"https:\/\/www.duglass.com\/fr\/solutions-pour-larchitecture\/outils-et-utilitaires\/#breadcrumb\"},\"inLanguage\":\"fr-FR\",\"potentialAction\":[{\"@type\":\"ReadAction\",\"target\":[\"https:\/\/www.duglass.com\/fr\/solutions-pour-larchitecture\/outils-et-utilitaires\/\"]}]},{\"@type\":\"BreadcrumbList\",\"@id\":\"https:\/\/www.duglass.com\/fr\/solutions-pour-larchitecture\/outils-et-utilitaires\/#breadcrumb\",\"itemListElement\":[{\"@type\":\"ListItem\",\"position\":1,\"name\":\"Portada\",\"item\":\"https:\/\/www.duglass.com\/fr\/inicio\/\"},{\"@type\":\"ListItem\",\"position\":2,\"name\":\"Solutions pour l\u2019architecture\",\"item\":\"https:\/\/www.duglass.com\/fr\/solutions-pour-larchitecture\/\"},{\"@type\":\"ListItem\",\"position\":3,\"name\":\"Sp\u00e9ciaux\"}]},{\"@type\":\"WebSite\",\"@id\":\"https:\/\/www.duglass.com\/fr\/#website\",\"url\":\"https:\/\/www.duglass.com\/fr\/\",\"name\":\"Ari\u00f1o Duglass\",\"description\":\"Especialistas en vidrio desde 1952\",\"publisher\":{\"@id\":\"https:\/\/www.duglass.com\/fr\/#organization\"},\"potentialAction\":[{\"@type\":\"SearchAction\",\"target\":{\"@type\":\"EntryPoint\",\"urlTemplate\":\"https:\/\/www.duglass.com\/fr\/?s={search_term_string}\"},\"query-input\":{\"@type\":\"PropertyValueSpecification\",\"valueRequired\":true,\"valueName\":\"search_term_string\"}}],\"inLanguage\":\"fr-FR\"},{\"@type\":\"Organization\",\"@id\":\"https:\/\/www.duglass.com\/fr\/#organization\",\"name\":\"Ari\u00f1o Duglass\",\"url\":\"https:\/\/www.duglass.com\/fr\/\",\"logo\":{\"@type\":\"ImageObject\",\"inLanguage\":\"fr-FR\",\"@id\":\"https:\/\/www.duglass.com\/fr\/#\/schema\/logo\/image\/\",\"url\":\"https:\/\/www.duglass.com\/wp-content\/uploads\/2020\/07\/logo-color.png\",\"contentUrl\":\"https:\/\/www.duglass.com\/wp-content\/uploads\/2020\/07\/logo-color.png\",\"width\":340,\"height\":156,\"caption\":\"Ari\u00f1o Duglass\"},\"image\":{\"@id\":\"https:\/\/www.duglass.com\/fr\/#\/schema\/logo\/image\/\"},\"sameAs\":[\"https:\/\/www.facebook.com\/arinoduglass\",\"https:\/\/x.com\/arinoduglass\",\"https:\/\/www.instagram.com\/arino_duglass\/\",\"https:\/\/www.linkedin.com\/company\/ari-o-duglass\",\"https:\/\/www.youtube.com\/channel\/UCfanZTfqx8byi7xCwLQvpxg\",\"https:\/\/www.pinterest.es\/arioduglass\/\"]}]}<\/script>\n<!-- \/ Yoast SEO plugin. -->","yoast_head_json":{"title":"Verre sp\u00e9cial pour les b\u00e2timents et l'architecture - Ari\u00f1o Duglass","description":"Gamme de verres pour projets d'architecture et b\u00e2timents sp\u00e9ciaux. D\u00e9veloppements personnalis\u00e9s et innovants pour les grands projets de conception.","robots":{"index":"index","follow":"follow","max-snippet":"max-snippet:-1","max-image-preview":"max-image-preview:large","max-video-preview":"max-video-preview:-1"},"canonical":"https:\/\/www.duglass.com\/fr\/solutions-pour-larchitecture\/outils-et-utilitaires\/","og_locale":"fr_FR","og_type":"article","og_title":"Verre sp\u00e9cial pour les b\u00e2timents et l'architecture - Ari\u00f1o Duglass","og_description":"Gamme de verres pour projets d'architecture et b\u00e2timents sp\u00e9ciaux. D\u00e9veloppements personnalis\u00e9s et innovants pour les grands projets de conception.","og_url":"https:\/\/www.duglass.com\/fr\/solutions-pour-larchitecture\/outils-et-utilitaires\/","og_site_name":"Ari\u00f1o Duglass","article_publisher":"https:\/\/www.facebook.com\/arinoduglass","twitter_card":"summary_large_image","twitter_site":"@arinoduglass","twitter_misc":{"Dur\u00e9e de lecture estim\u00e9e":"3 minutes"},"schema":{"@context":"https:\/\/schema.org","@graph":[{"@type":"WebPage","@id":"https:\/\/www.duglass.com\/fr\/solutions-pour-larchitecture\/outils-et-utilitaires\/","url":"https:\/\/www.duglass.com\/fr\/solutions-pour-larchitecture\/outils-et-utilitaires\/","name":"Verre sp\u00e9cial pour les b\u00e2timents et l'architecture - Ari\u00f1o Duglass","isPartOf":{"@id":"https:\/\/www.duglass.com\/fr\/#website"},"datePublished":"2026-02-03T09:53:29+00:00","description":"Gamme de verres pour projets d'architecture et b\u00e2timents sp\u00e9ciaux. D\u00e9veloppements personnalis\u00e9s et innovants pour les grands projets de conception.","breadcrumb":{"@id":"https:\/\/www.duglass.com\/fr\/solutions-pour-larchitecture\/outils-et-utilitaires\/#breadcrumb"},"inLanguage":"fr-FR","potentialAction":[{"@type":"ReadAction","target":["https:\/\/www.duglass.com\/fr\/solutions-pour-larchitecture\/outils-et-utilitaires\/"]}]},{"@type":"BreadcrumbList","@id":"https:\/\/www.duglass.com\/fr\/solutions-pour-larchitecture\/outils-et-utilitaires\/#breadcrumb","itemListElement":[{"@type":"ListItem","position":1,"name":"Portada","item":"https:\/\/www.duglass.com\/fr\/inicio\/"},{"@type":"ListItem","position":2,"name":"Solutions pour l\u2019architecture","item":"https:\/\/www.duglass.com\/fr\/solutions-pour-larchitecture\/"},{"@type":"ListItem","position":3,"name":"Sp\u00e9ciaux"}]},{"@type":"WebSite","@id":"https:\/\/www.duglass.com\/fr\/#website","url":"https:\/\/www.duglass.com\/fr\/","name":"Ari\u00f1o Duglass","description":"Especialistas en vidrio desde 1952","publisher":{"@id":"https:\/\/www.duglass.com\/fr\/#organization"},"potentialAction":[{"@type":"SearchAction","target":{"@type":"EntryPoint","urlTemplate":"https:\/\/www.duglass.com\/fr\/?s={search_term_string}"},"query-input":{"@type":"PropertyValueSpecification","valueRequired":true,"valueName":"search_term_string"}}],"inLanguage":"fr-FR"},{"@type":"Organization","@id":"https:\/\/www.duglass.com\/fr\/#organization","name":"Ari\u00f1o Duglass","url":"https:\/\/www.duglass.com\/fr\/","logo":{"@type":"ImageObject","inLanguage":"fr-FR","@id":"https:\/\/www.duglass.com\/fr\/#\/schema\/logo\/image\/","url":"https:\/\/www.duglass.com\/wp-content\/uploads\/2020\/07\/logo-color.png","contentUrl":"https:\/\/www.duglass.com\/wp-content\/uploads\/2020\/07\/logo-color.png","width":340,"height":156,"caption":"Ari\u00f1o Duglass"},"image":{"@id":"https:\/\/www.duglass.com\/fr\/#\/schema\/logo\/image\/"},"sameAs":["https:\/\/www.facebook.com\/arinoduglass","https:\/\/x.com\/arinoduglass","https:\/\/www.instagram.com\/arino_duglass\/","https:\/\/www.linkedin.com\/company\/ari-o-duglass","https:\/\/www.youtube.com\/channel\/UCfanZTfqx8byi7xCwLQvpxg","https:\/\/www.pinterest.es\/arioduglass\/"]}]}},"_links":{"self":[{"href":"https:\/\/www.duglass.com\/fr\/wp-json\/wp\/v2\/pages\/11992","targetHints":{"allow":["GET"]}}],"collection":[{"href":"https:\/\/www.duglass.com\/fr\/wp-json\/wp\/v2\/pages"}],"about":[{"href":"https:\/\/www.duglass.com\/fr\/wp-json\/wp\/v2\/types\/page"}],"author":[{"embeddable":true,"href":"https:\/\/www.duglass.com\/fr\/wp-json\/wp\/v2\/users\/3"}],"replies":[{"embeddable":true,"href":"https:\/\/www.duglass.com\/fr\/wp-json\/wp\/v2\/comments?post=11992"}],"version-history":[{"count":10,"href":"https:\/\/www.duglass.com\/fr\/wp-json\/wp\/v2\/pages\/11992\/revisions"}],"predecessor-version":[{"id":13305,"href":"https:\/\/www.duglass.com\/fr\/wp-json\/wp\/v2\/pages\/11992\/revisions\/13305"}],"up":[{"embeddable":true,"href":"https:\/\/www.duglass.com\/fr\/wp-json\/wp\/v2\/pages\/6388"}],"wp:attachment":[{"href":"https:\/\/www.duglass.com\/fr\/wp-json\/wp\/v2\/media?parent=11992"}],"curies":[{"name":"wp","href":"https:\/\/api.w.org\/{rel}","templated":true}]}}